{"id":828,"date":"2025-07-11T14:22:55","date_gmt":"2025-07-11T14:22:55","guid":{"rendered":"https:\/\/www.inocraftai.com\/?page_id=828"},"modified":"2025-07-23T11:10:33","modified_gmt":"2025-07-23T11:10:33","slug":"about-us","status":"publish","type":"page","link":"https:\/\/www.inocraftai.com\/?page_id=828","title":{"rendered":"Bizi Tan\u0131y\u0131n"},"content":{"rendered":"\t\t<div data-elementor-type=\"wp-page\" data-elementor-id=\"828\" class=\"elementor elementor-828\">\n\t\t\t\t<div class=\"elementor-element elementor-element-54eb1ef e-flex e-con-boxed e-con e-parent\" data-id=\"54eb1ef\" data-element_type=\"container\">\n\t\t\t\t\t<div class=\"e-con-inner\">\n\t\t\t\t<div class=\"elementor-element elementor-element-76afbd6 elementor-widget elementor-widget-vankine-text-editor-v1\" data-id=\"76afbd6\" data-element_type=\"widget\" data-widget_type=\"vankine-text-editor-v1.default\">\n\t\t\t\t<div class=\"elementor-widget-container\">\n\t\t\t\t\t   <div class=\"position-relative position_p_relative\">\r\n        <h1 data-start=\"111\" data-end=\"127\">Bizi Tan\u0131y\u0131n<\/h1>\n<p data-start=\"129\" data-end=\"394\">INOCRAFT AI, alan\u0131nda yetkin, \u00e7\u00f6z\u00fcm odakl\u0131 ve dinamik bir ekipten olu\u015fur. Her birimiz, teknolojiye ve s\u00fcrekli geli\u015fime tutkuyla ba\u011fl\u0131y\u0131z. Farkl\u0131 uzmanl\u0131klar\u0131 bir araya getirerek, karma\u015f\u0131k s\u00fcre\u00e7leri yal\u0131nla\u015ft\u0131r\u0131r ve i\u015f ortaklar\u0131m\u0131z i\u00e7in \u00f6l\u00e7\u00fclebilir de\u011fer \u00fcretiriz.<\/p>\n<p data-start=\"396\" data-end=\"589\">Yapt\u0131\u011f\u0131m\u0131z i\u015fe h\u00e2kimiz, detaylara \u00f6nem veririz ve her projeye sanki kendi giri\u015fimimizmi\u015f gibi yakla\u015f\u0131r\u0131z. \u0130novasyonu merkezimize al\u0131r, fikirleri eyleme d\u00f6n\u00fc\u015ft\u00fcr\u00fcr, g\u00fcvenilir sonu\u00e7lar sunar\u0131z.<\/p>    <\/div>\r\n\t\t\t\t<\/div>\n\t\t\t\t<\/div>\n\t\t\t\t<div class=\"elementor-element elementor-element-9a2d134 elementor-widget elementor-widget-image\" data-id=\"9a2d134\" data-element_type=\"widget\" data-widget_type=\"image.default\">\n\t\t\t\t\t\t\t\t\t\t\t\t\t\t\t<img fetchpriority=\"high\" decoding=\"async\" width=\"1024\" height=\"684\" src=\"https:\/\/www.inocraftai.com\/wp-content\/uploads\/2023\/02\/Adsiz-tasarim-3-1024x684.png\" class=\"attachment-large size-large wp-image-3888\" alt=\"\" srcset=\"https:\/\/www.inocraftai.com\/wp-content\/uploads\/2023\/02\/Adsiz-tasarim-3-1024x684.png 1024w, https:\/\/www.inocraftai.com\/wp-content\/uploads\/2023\/02\/Adsiz-tasarim-3-300x200.png 300w, https:\/\/www.inocraftai.com\/wp-content\/uploads\/2023\/02\/Adsiz-tasarim-3-768x513.png 768w, https:\/\/www.inocraftai.com\/wp-content\/uploads\/2023\/02\/Adsiz-tasarim-3-1536x1025.png 1536w, https:\/\/www.inocraftai.com\/wp-content\/uploads\/2023\/02\/Adsiz-tasarim-3-600x400.png 600w, https:\/\/www.inocraftai.com\/wp-content\/uploads\/2023\/02\/Adsiz-tasarim-3.png 2048w\" sizes=\"(max-width: 1024px) 100vw, 1024px\" \/>\t\t\t\t\t\t\t\t\t\t\t\t\t\t\t<\/div>\n\t\t\t\t\t<\/div>\n\t\t\t\t<\/div>\n\t\t<div class=\"elementor-element elementor-element-31eefa86 e-flex e-con-boxed e-con e-parent\" data-id=\"31eefa86\" data-element_type=\"container\">\n\t\t\t\t\t<div class=\"e-con-inner\">\n\t\t\t\t\t<\/div>\n\t\t\t\t<\/div>\n\t\t<div class=\"elementor-element elementor-element-dbd1717 e-flex e-con-boxed e-con e-parent\" data-id=\"dbd1717\" data-element_type=\"container\">\n\t\t\t\t\t<div class=\"e-con-inner\">\n\t\t\t\t\t<\/div>\n\t\t\t\t<\/div>\n\t\t\t\t<\/div>\n\t\t","protected":false},"excerpt":{"rendered":"<p>Bizi Tan\u0131y\u0131n INOCRAFT AI, alan\u0131nda yetkin, \u00e7\u00f6z\u00fcm odakl\u0131 ve dinamik bir ekipten olu\u015fur. Her birimiz, teknolojiye ve s\u00fcrekli geli\u015fime tutkuyla ba\u011fl\u0131y\u0131z. Farkl\u0131 uzmanl\u0131klar\u0131 bir araya getirerek, karma\u015f\u0131k s\u00fcre\u00e7leri yal\u0131nla\u015ft\u0131r\u0131r ve i\u015f ortaklar\u0131m\u0131z i\u00e7in \u00f6l\u00e7\u00fclebilir de\u011fer \u00fcretiriz. Yapt\u0131\u011f\u0131m\u0131z i\u015fe h\u00e2kimiz, detaylara \u00f6nem veririz ve her projeye sanki kendi giri\u015fimimizmi\u015f gibi yakla\u015f\u0131r\u0131z. \u0130novasyonu merkezimize al\u0131r, fikirleri eyleme [&hellip;]<\/p>\n","protected":false},"author":1,"featured_media":0,"parent":0,"menu_order":0,"comment_status":"closed","ping_status":"closed","template":"","meta":{"pagelayer_contact_templates":[],"_pagelayer_content":"","footnotes":""},"class_list":["post-828","page","type-page","status-publish","hentry"],"_links":{"self":[{"href":"https:\/\/www.inocraftai.com\/index.php?rest_route=\/wp\/v2\/pages\/828","targetHints":{"allow":["GET"]}}],"collection":[{"href":"https:\/\/www.inocraftai.com\/index.php?rest_route=\/wp\/v2\/pages"}],"about":[{"href":"https:\/\/www.inocraftai.com\/index.php?rest_route=\/wp\/v2\/types\/page"}],"author":[{"embeddable":true,"href":"https:\/\/www.inocraftai.com\/index.php?rest_route=\/wp\/v2\/users\/1"}],"replies":[{"embeddable":true,"href":"https:\/\/www.inocraftai.com\/index.php?rest_route=%2Fwp%2Fv2%2Fcomments&post=828"}],"version-history":[{"count":15,"href":"https:\/\/www.inocraftai.com\/index.php?rest_route=\/wp\/v2\/pages\/828\/revisions"}],"predecessor-version":[{"id":4057,"href":"https:\/\/www.inocraftai.com\/index.php?rest_route=\/wp\/v2\/pages\/828\/revisions\/4057"}],"wp:attachment":[{"href":"https:\/\/www.inocraftai.com\/index.php?rest_route=%2Fwp%2Fv2%2Fmedia&parent=828"}],"curies":[{"name":"wp","href":"https:\/\/api.w.org\/{rel}","templated":true}]}}